{"id":433,"date":"2025-05-11T12:56:00","date_gmt":"2025-05-11T09:56:00","guid":{"rendered":"https:\/\/celalyildirim.com\/?page_id=433"},"modified":"2025-05-11T12:56:00","modified_gmt":"2025-05-11T09:56:00","slug":"yazilarim","status":"publish","type":"page","link":"https:\/\/celalyildirim.com\/index.php\/yazilarim\/","title":{"rendered":"Yaz\u0131lar\u0131m&#8230;"},"content":{"rendered":"\n<div style=\"height:var(--wp--preset--spacing--50)\" aria-hidden=\"true\" class=\"wp-block-spacer\"><\/div>\n\n\n\n<div class=\"wp-block-group alignwide has-global-padding is-layout-constrained wp-block-group-is-layout-constrained\">\n<h1 class=\"wp-block-heading alignwide has-xx-large-font-size\" style=\"line-height:1.2\"><\/h1>\n<\/div>\n\n\n\n<div class=\"wp-block-group alignfull has-global-padding is-layout-constrained wp-container-core-group-is-layout-0747478d wp-block-group-is-layout-constrained\" style=\"padding-top:var(--wp--preset--spacing--50);padding-right:var(--wp--preset--spacing--50);padding-bottom:var(--wp--preset--spacing--50);padding-left:var(--wp--preset--spacing--50)\">\n<div class=\"wp-block-columns alignwide is-layout-flex wp-container-core-columns-is-layout-ff4b9c61 wp-block-columns-is-layout-flex\" style=\"margin-top:0;margin-bottom:0\">\n<div class=\"wp-block-column is-layout-flow wp-container-core-column-is-layout-8a368f38 wp-block-column-is-layout-flow\">\n<div class=\"wp-block-query is-layout-flow wp-block-query-is-layout-flow\"><ul class=\"wp-block-post-template is-layout-flow wp-container-core-post-template-is-layout-dc68bcd2 wp-block-post-template-is-layout-flow\"><li class=\"wp-block-post post-1198 post type-post status-publish format-standard hentry category-pastoral-siir\">\n\n<\/li><li class=\"wp-block-post post-1128 post type-post status-publish format-standard has-post-thumbnail hentry category-lirik-siir\">\n<figure style=\"margin-bottom:0;\" class=\"alignwide wp-block-post-featured-image\"><a href=\"https:\/\/celalyildirim.com\/index.php\/2025\/08\/22\/sen-olmazsan\/\" target=\"_self\"  ><img loading=\"lazy\" decoding=\"async\" width=\"1600\" height=\"1200\" src=\"https:\/\/celalyildirim.com\/wp-content\/uploads\/2025\/07\/d73a6d05-780b-42b9-b79c-894b3e7a3480.jpg\" class=\"attachment-post-thumbnail size-post-thumbnail wp-post-image\" alt=\"Sen Olmazsan\" style=\"object-fit:cover;\" srcset=\"https:\/\/celalyildirim.com\/wp-content\/uploads\/2025\/07\/d73a6d05-780b-42b9-b79c-894b3e7a3480.jpg 1600w, https:\/\/celalyildirim.com\/wp-content\/uploads\/2025\/07\/d73a6d05-780b-42b9-b79c-894b3e7a3480-300x225.jpg 300w, https:\/\/celalyildirim.com\/wp-content\/uploads\/2025\/07\/d73a6d05-780b-42b9-b79c-894b3e7a3480-1024x768.jpg 1024w, https:\/\/celalyildirim.com\/wp-content\/uploads\/2025\/07\/d73a6d05-780b-42b9-b79c-894b3e7a3480-768x576.jpg 768w, https:\/\/celalyildirim.com\/wp-content\/uploads\/2025\/07\/d73a6d05-780b-42b9-b79c-894b3e7a3480-1536x1152.jpg 1536w\" sizes=\"auto, (max-width: 1600px) 100vw, 1600px\" \/><\/a><\/figure>\n<\/li><li class=\"wp-block-post post-1155 post type-post status-publish format-standard has-post-thumbnail hentry category-lirik-siir\">\n<figure style=\"margin-bottom:0;\" class=\"alignwide wp-block-post-featured-image\"><a href=\"https:\/\/celalyildirim.com\/index.php\/2025\/07\/24\/yasadikca-2\/\" target=\"_self\"  ><img loading=\"lazy\" decoding=\"async\" width=\"1920\" height=\"2560\" src=\"https:\/\/celalyildirim.com\/wp-content\/uploads\/2025\/07\/IMG_4270-scaled.jpg\" class=\"attachment-post-thumbnail size-post-thumbnail wp-post-image\" alt=\"Ya\u015fad\u0131k\u00e7a\" style=\"object-fit:cover;\" srcset=\"https:\/\/celalyildirim.com\/wp-content\/uploads\/2025\/07\/IMG_4270-scaled.jpg 1920w, https:\/\/celalyildirim.com\/wp-content\/uploads\/2025\/07\/IMG_4270-225x300.jpg 225w, https:\/\/celalyildirim.com\/wp-content\/uploads\/2025\/07\/IMG_4270-768x1024.jpg 768w, https:\/\/celalyildirim.com\/wp-content\/uploads\/2025\/07\/IMG_4270-1152x1536.jpg 1152w, https:\/\/celalyildirim.com\/wp-content\/uploads\/2025\/07\/IMG_4270-1536x2048.jpg 1536w\" sizes=\"auto, (max-width: 1920px) 100vw, 1920px\" \/><\/a><\/figure>\n<\/li><\/ul><\/div>\n<\/div>\n\n\n\n<div class=\"wp-block-column is-layout-flow wp-container-core-column-is-layout-8736a895 wp-block-column-is-layout-flow\" style=\"padding-top:0\">\n<div style=\"height:var(--wp--preset--spacing--50)\" aria-hidden=\"true\" class=\"wp-block-spacer\"><\/div>\n\n\n\n<div class=\"wp-block-query is-layout-flow wp-block-query-is-layout-flow\"><ul class=\"wp-block-post-template is-layout-flow wp-container-core-post-template-is-layout-dc68bcd2 wp-block-post-template-is-layout-flow\"><li class=\"wp-block-post post-1144 post type-post status-publish format-standard hentry category-lirik-siir\">\n\n<\/li><li class=\"wp-block-post post-1090 post type-post status-publish format-standard has-post-thumbnail hentry category-pastoral\">\n<figure style=\"margin-bottom:0;margin-top:0;\" class=\"alignwide wp-block-post-featured-image\"><a href=\"https:\/\/celalyildirim.com\/index.php\/2025\/07\/14\/kirmizinin-cagrisi\/\" target=\"_self\"  ><img loading=\"lazy\" decoding=\"async\" width=\"240\" height=\"320\" src=\"https:\/\/celalyildirim.com\/wp-content\/uploads\/2025\/07\/22e70b54-79bf-4fa3-a87f-1622a88b762f.jpg-gul.jpg\" class=\"attachment-post-thumbnail size-post-thumbnail wp-post-image\" alt=\"K\u0131rm\u0131z\u0131n\u0131n \u00c7a\u011fr\u0131s\u0131\" style=\"object-fit:cover;\" srcset=\"https:\/\/celalyildirim.com\/wp-content\/uploads\/2025\/07\/22e70b54-79bf-4fa3-a87f-1622a88b762f.jpg-gul.jpg 240w, https:\/\/celalyildirim.com\/wp-content\/uploads\/2025\/07\/22e70b54-79bf-4fa3-a87f-1622a88b762f.jpg-gul-225x300.jpg 225w\" sizes=\"auto, (max-width: 240px) 100vw, 240px\" \/><\/a><\/figure>\n<\/li><li class=\"wp-block-post post-1084 post type-post status-publish format-standard hentry category-pastoral\">\n\n<\/li><\/ul><\/div>\n\n\n\n<div style=\"height:var(--wp--preset--spacing--50)\" aria-hidden=\"true\" class=\"wp-block-spacer\"><\/div>\n<\/div>\n\n\n\n<div class=\"wp-block-column is-layout-flow wp-container-core-column-is-layout-8a368f38 wp-block-column-is-layout-flow\">\n<div class=\"wp-block-query is-layout-flow wp-block-query-is-layout-flow\"><ul class=\"wp-block-post-template is-layout-flow wp-container-core-post-template-is-layout-dc68bcd2 wp-block-post-template-is-layout-flow\"><li class=\"wp-block-post post-837 post type-post status-publish format-standard hentry category-pastoral\">\n\n<\/li><li class=\"wp-block-post post-994 post type-post status-publish format-standard hentry category-ani-ani\">\n\n<\/li><li class=\"wp-block-post post-959 post type-post status-publish format-standard has-post-thumbnail hentry category-guncel-makale\">\n<figure style=\"margin-bottom:0;\" class=\"alignwide wp-block-post-featured-image\"><a href=\"https:\/\/celalyildirim.com\/index.php\/2025\/06\/26\/topragin-cagrisi\/\" target=\"_self\"  ><img loading=\"lazy\" decoding=\"async\" width=\"1536\" height=\"2048\" src=\"https:\/\/celalyildirim.com\/wp-content\/uploads\/2025\/06\/522650654_24001045369544922_6719739218585105683_n.jpg-bugday.jpg\" class=\"attachment-post-thumbnail size-post-thumbnail wp-post-image\" alt=\"Topra\u011f\u0131n \u00c7a\u011fr\u0131s\u0131\" style=\"object-fit:cover;\" srcset=\"https:\/\/celalyildirim.com\/wp-content\/uploads\/2025\/06\/522650654_24001045369544922_6719739218585105683_n.jpg-bugday.jpg 1536w, https:\/\/celalyildirim.com\/wp-content\/uploads\/2025\/06\/522650654_24001045369544922_6719739218585105683_n.jpg-bugday-225x300.jpg 225w, https:\/\/celalyildirim.com\/wp-content\/uploads\/2025\/06\/522650654_24001045369544922_6719739218585105683_n.jpg-bugday-768x1024.jpg 768w, https:\/\/celalyildirim.com\/wp-content\/uploads\/2025\/06\/522650654_24001045369544922_6719739218585105683_n.jpg-bugday-1152x1536.jpg 1152w\" sizes=\"auto, (max-width: 1536px) 100vw, 1536px\" \/><\/a><\/figure>\n<\/li><\/ul><\/div>\n<\/div>\n\n\n\n<div class=\"wp-block-column is-layout-flow wp-container-core-column-is-layout-8736a895 wp-block-column-is-layout-flow\" style=\"padding-top:0\">\n<div style=\"height:var(--wp--preset--spacing--50)\" aria-hidden=\"true\" class=\"wp-block-spacer\"><\/div>\n\n\n\n<div class=\"wp-block-query is-layout-flow wp-block-query-is-layout-flow\"><ul class=\"wp-block-post-template is-layout-flow wp-container-core-post-template-is-layout-dc68bcd2 wp-block-post-template-is-layout-flow\"><li class=\"wp-block-post post-853 post type-post status-publish format-standard hentry category-toplumsal-siir\">\n\n<\/li><li class=\"wp-block-post post-812 post type-post status-publish format-standard hentry category-toplumsal-siir\">\n\n<\/li><li class=\"wp-block-post post-799 post type-post status-publish format-standard has-post-thumbnail hentry category-pastoral\">\n<figure style=\"margin-top:0;margin-bottom:0;\" class=\"alignwide wp-block-post-featured-image\"><a href=\"https:\/\/celalyildirim.com\/index.php\/2025\/06\/20\/akbuk-2\/\" target=\"_self\"  ><img loading=\"lazy\" decoding=\"async\" width=\"1600\" height=\"1200\" src=\"https:\/\/celalyildirim.com\/wp-content\/uploads\/2025\/06\/akbuk-resim.jpg\" class=\"attachment-post-thumbnail size-post-thumbnail wp-post-image\" alt=\"Akb\u00fck\" style=\"object-fit:cover;\" srcset=\"https:\/\/celalyildirim.com\/wp-content\/uploads\/2025\/06\/akbuk-resim.jpg 1600w, https:\/\/celalyildirim.com\/wp-content\/uploads\/2025\/06\/akbuk-resim-300x225.jpg 300w, https:\/\/celalyildirim.com\/wp-content\/uploads\/2025\/06\/akbuk-resim-1024x768.jpg 1024w, https:\/\/celalyildirim.com\/wp-content\/uploads\/2025\/06\/akbuk-resim-768x576.jpg 768w, https:\/\/celalyildirim.com\/wp-content\/uploads\/2025\/06\/akbuk-resim-1536x1152.jpg 1536w\" sizes=\"auto, (max-width: 1600px) 100vw, 1600px\" \/><\/a><\/figure>\n<\/li><\/ul><\/div>\n\n\n\n<div style=\"height:var(--wp--preset--spacing--50)\" aria-hidden=\"true\" class=\"wp-block-spacer\"><\/div>\n<\/div>\n<\/div>\n<\/div>\n","protected":false},"excerpt":{"rendered":"","protected":false},"author":1,"featured_media":0,"parent":0,"menu_order":0,"comment_status":"closed","ping_status":"closed","template":"","meta":{"footnotes":""},"class_list":["post-433","page","type-page","status-publish","hentry"],"_links":{"self":[{"href":"https:\/\/celalyildirim.com\/index.php\/wp-json\/wp\/v2\/pages\/433","targetHints":{"allow":["GET"]}}],"collection":[{"href":"https:\/\/celalyildirim.com\/index.php\/wp-json\/wp\/v2\/pages"}],"about":[{"href":"https:\/\/celalyildirim.com\/index.php\/wp-json\/wp\/v2\/types\/page"}],"author":[{"embeddable":true,"href":"https:\/\/celalyildirim.com\/index.php\/wp-json\/wp\/v2\/users\/1"}],"replies":[{"embeddable":true,"href":"https:\/\/celalyildirim.com\/index.php\/wp-json\/wp\/v2\/comments?post=433"}],"version-history":[{"count":1,"href":"https:\/\/celalyildirim.com\/index.php\/wp-json\/wp\/v2\/pages\/433\/revisions"}],"predecessor-version":[{"id":435,"href":"https:\/\/celalyildirim.com\/index.php\/wp-json\/wp\/v2\/pages\/433\/revisions\/435"}],"wp:attachment":[{"href":"https:\/\/celalyildirim.com\/index.php\/wp-json\/wp\/v2\/media?parent=433"}],"curies":[{"name":"wp","href":"https:\/\/api.w.org\/{rel}","templated":true}]}}